{"id":16866,"date":"2022-03-22T19:19:30","date_gmt":"2022-03-22T19:19:30","guid":{"rendered":"https:\/\/www.senegal-shuttle.com\/ueber-uns\/"},"modified":"2022-03-26T21:29:04","modified_gmt":"2022-03-26T21:29:04","slug":"ueber-uns","status":"publish","type":"page","link":"https:\/\/www.senegal-shuttle.com\/de\/ueber-uns\/","title":{"rendered":"\u00dcber uns"},"content":{"rendered":"<div class=\"wpb-content-wrapper\"><p>[vc_row][vc_column width=&#8221;1\/2&#8243;][vc_custom_heading text=&#8221;Seit \u00fcber 10 Jahren bieten wir die besten Transportdienstleistungen an. Wir bieten Transfers, Ausfl\u00fcge und Chauffeurdienste an.&#8221; font_container=&#8221;tag:h3|text_align:left&#8221; use_theme_fonts=&#8221;yes&#8221;][vc_column_text]Senegal Shuttle hat ein Angebot f\u00fcr alle, die bequem reisen wollen. Wir verf\u00fcgen \u00fcber 30 Fahrzeuge der Spitzenklasse, so dass unsere Kunden sich auf Komfort und Sicherheit verlassen k\u00f6nnen.<\/p>\n<p>Senegal Shuttle hat sich zu Senegals f\u00fchrendem Flughafen-Taxidienst entwickelt. Wir sind bestrebt, unseren Kunden einen reibungslosen und problemlosen Shuttle-Taxiservice vom und zum Blaise Diagne International Airport (DSS) zu bieten, mit modernen Fahrzeugen und professionellen Fahrern.[\/vc_column_text]<div class=\"theme-component-list theme-component-list-style-2 theme-margin-top-40\">\n<ul>\n<li>Professionell ausgebildete Chauffeure<\/li>\n<li>24\/7 Full-Service-Transport<\/li>\n<li>Umfassendes Netzwerk von Transportpartnern<\/li>\n<\/ul>\n<\/div>[\/vc_column][vc_column width=&#8221;1\/2&#8243;][vc_single_image image=&#8221;13385&#8243; img_size=&#8221;full&#8221; el_class=&#8221;theme-image-style-1&#8243;][vc_single_image image=&#8221;13059&#8243; img_size=&#8221;full&#8221; el_class=&#8221;theme-image-style-1&#8243;][\/vc_column][\/vc_row][vc_row el_class=&#8221;theme-margin-top-40&#8243;][vc_column]\n            <div class=\"theme-component-counter-box\" data-animation_duration=\"2000\">\n                [vc_row_inner el_class=&#8221;theme-column-margin-0&#8243;][vc_column_inner width=&#8221;1\/4&#8243;]\n            <div class=\"theme-component-counter-box-item\" data-value=\"30\">\n                <span class=\"theme-component-counter-box-item-circle-1\"><\/span>\n                <span class=\"theme-component-counter-box-item-circle-2\"><\/span>\n                <span class=\"theme-component-counter-box-item-value\">0<\/span>\n                <span class=\"theme-component-counter-box-item-label\">Fahrzeuge<\/span>\n                <span class=\"theme-component-counter-box-item-tick theme-icon-meta-tick-3\"><\/span>   \n            <\/div>\n        [\/vc_column_inner][vc_column_inner width=&#8221;1\/4&#8243;]\n            <div class=\"theme-component-counter-box-item\" data-value=\"12\">\n                <span class=\"theme-component-counter-box-item-circle-1\"><\/span>\n                <span class=\"theme-component-counter-box-item-circle-2\"><\/span>\n                <span class=\"theme-component-counter-box-item-value\">0<\/span>\n                <span class=\"theme-component-counter-box-item-label\">Abgedeckte St\u00e4dte<\/span>\n                <span class=\"theme-component-counter-box-item-tick theme-icon-meta-tick-3\"><\/span>   \n            <\/div>\n        [\/vc_column_inner][vc_column_inner width=&#8221;1\/4&#8243;]\n            <div class=\"theme-component-counter-box-item\" data-value=\"50\">\n                <span class=\"theme-component-counter-box-item-circle-1\"><\/span>\n                <span class=\"theme-component-counter-box-item-circle-2\"><\/span>\n                <span class=\"theme-component-counter-box-item-value\">0<\/span>\n                <span class=\"theme-component-counter-box-item-label\">Treiber<\/span>\n                <span class=\"theme-component-counter-box-item-tick theme-icon-meta-tick-3\"><\/span>   \n            <\/div>\n        [\/vc_column_inner][vc_column_inner width=&#8221;1\/4&#8243;]\n            <div class=\"theme-component-counter-box-item\" data-value=\"3\">\n                <span class=\"theme-component-counter-box-item-circle-1\"><\/span>\n                <span class=\"theme-component-counter-box-item-circle-2\"><\/span>\n                <span class=\"theme-component-counter-box-item-value\">0<\/span>\n                <span class=\"theme-component-counter-box-item-label\">Gewonnene Auszeichnungen<\/span>\n                <span class=\"theme-component-counter-box-item-tick theme-icon-meta-tick-3\"><\/span>   \n            <\/div>\n        [\/vc_column_inner][\/vc_row_inner]\n            <\/div>\n        [\/vc_column][\/vc_row][vc_row full_width=&#8221;stretch_row_content_no_spaces&#8221; equal_height=&#8221;yes&#8221;][vc_column width=&#8221;1\/2&#8243;][vc_single_image image=&#8221;13895&#8243; img_size=&#8221;full&#8221;][\/vc_column][vc_column width=&#8221;1\/2&#8243; el_class=&#8221;theme-column-style-1 theme-background-color-12&#8243;][vc_custom_heading text=&#8221;Sie werden mit unserem Weltklasse-Service mehr als zufrieden sein&#8221; font_container=&#8221;tag:h3|text_align:left&#8221; use_theme_fonts=&#8221;yes&#8221; css=&#8221;.vc_custom_1604345650257{margin-top: -40px !important;border-top-width: -40px !important;padding-top: -40px !important;}&#8221;][vc_column_text]Unsere Kunden erwarten von Senegal Shuttle au\u00dfergew\u00f6hnliche Standards, und wir freuen uns, dieses Versprechen jedes Mal einhalten zu k\u00f6nnen.<\/p>\n<p>Wir haben ein umfangreiches Netzwerk von Partnern aufgebaut, das es uns erm\u00f6glicht, Gruppen jeder Gr\u00f6\u00dfe im ganzen Land erstklassige Dienstleistungen anzubieten. Wenn Sie eine besondere Veranstaltung organisieren, m\u00f6chten Sie und Ihre Familie oder Freunde sich vielleicht am\u00fcsieren und sich nicht um das Fahren k\u00fcmmern. Unsere erfahrenen Chauffeure werden Sie durch jede Stadt f\u00fchren, in der Sie sich befinden&#8230;[\/vc_column_text][\/vc_column][\/vc_row][vc_row full_width=&#8221;stretch_row_content_no_spaces&#8221; css=&#8221;.vc_custom_1604345726191{margin-top: 40px !important;border-top-width: 40px !important;padding-top: 40px !important;}&#8221;][vc_column]\n            <div class=\"theme-component-process-list\">\n                [vc_row_inner equal_height=&#8221;yes&#8221;][vc_column_inner width=&#8221;1\/4&#8243;]\n            <div class=\"theme-component-process-list-item theme-component-process-list-item-even\">\n                <div>01<\/div>\n                <span class=\"theme-icon-feature-calendar\"><\/span>\n                <p>Jeder unserer Fahrer zeichnet sich durch Professionalit\u00e4t und P\u00fcnktlichkeit aus<\/p>\n            <\/div>\n        [\/vc_column_inner][vc_column_inner width=&#8221;1\/4&#8243;]\n            <div class=\"theme-component-process-list-item theme-component-process-list-item-odd\">\n                <div>02<\/div>\n                <span class=\"theme-icon-feature-recurring-1\"><\/span>\n                <p>Wir gehen immer einen Schritt weiter, wenn es um die Sicherheit<\/p>\n            <\/div>\n        [\/vc_column_inner][vc_column_inner width=&#8221;1\/4&#8243;]\n            <div class=\"theme-component-process-list-item theme-component-process-list-item-even\">\n                <div>03<\/div>\n                <span class=\"theme-icon-feature-bag-1\"><\/span>\n                <p>Sie k\u00f6nnen sich darauf verlassen, dass wir Sie mit unserem Wissen und unserer Erfahrung auf Ihrer Tour begleiten<\/p>\n            <\/div>\n        [\/vc_column_inner][vc_column_inner width=&#8221;1\/4&#8243;]\n            <div class=\"theme-component-process-list-item theme-component-process-list-item-odd\">\n                <div>04<\/div>\n                <span class=\"theme-icon-feature-award\"><\/span>\n                <p>Erstklassige Qualit\u00e4t und preisgekr\u00f6nter Kundenservice<\/p>\n            <\/div>\n        [\/vc_column_inner][\/vc_row_inner]\n            <\/div>\n        [\/vc_column][\/vc_row][vc_row el_class=&#8221;theme-margin-bottom-100 aligncenter ContactBlockInner PageDesign12&#8243;][vc_column el_class=&#8221;theme-margin-bottom-0&#8243;]\r\n            <p class=\"theme-component-paragraph-large theme-component-paragraph-large-style-2 aligncenter theme-padding-bottom-80\">\r\n                Privater Chauffeur, Sightseeing-Tour?<br \/>\nBitte f\u00fcllen Sie das folgende Formular aus, wenn Sie Fragen oder Anmerkungen haben\r\n            <\/p>\r\n        [vc_row][vc_column el_class=\"theme-margin-bottom-0\"]\n<div class=\"wpcf7 no-js\" id=\"wpcf7-f16898-o1\" lang=\"en-US\" dir=\"ltr\" data-wpcf7-id=\"16898\">\n<div class=\"screen-reader-response\"><p role=\"status\" aria-live=\"polite\" aria-atomic=\"true\"><\/p> <ul><\/ul><\/div>\n<form action=\"\/de\/wp-json\/wp\/v2\/pages\/16866#wpcf7-f16898-o1\" method=\"post\" class=\"wpcf7-form init\" aria-label=\"Contact form\" novalidate=\"novalidate\" data-status=\"init\">\n<fieldset class=\"hidden-fields-container\"><input type=\"hidden\" name=\"_wpcf7\" value=\"16898\" \/><input type=\"hidden\" name=\"_wpcf7_version\" value=\"6.1.5\" \/><input type=\"hidden\" name=\"_wpcf7_locale\" value=\"en_US\" \/><input type=\"hidden\" name=\"_wpcf7_unit_tag\" value=\"wpcf7-f16898-o1\" \/><input type=\"hidden\" name=\"_wpcf7_container_post\" value=\"0\" \/><input type=\"hidden\" name=\"_wpcf7_posted_data_hash\" value=\"\" \/>\n<\/fieldset>\n<p><label> Ihr Name (erforderlich)<br \/>\n<span class=\"wpcf7-form-control-wrap\" data-name=\"your-name\"><input size=\"40\" maxlength=\"400\" class=\"wpcf7-form-control wpcf7-text wpcf7-validates-as-required\" aria-required=\"true\" aria-invalid=\"false\" value=\"\" type=\"text\" name=\"your-name\" \/><\/span> <\/label>\n<\/p>\n<p><label> Deine E-Mail (erforderlich)<br \/>\n<span class=\"wpcf7-form-control-wrap\" data-name=\"your-email\"><input size=\"40\" maxlength=\"400\" class=\"wpcf7-form-control wpcf7-email wpcf7-validates-as-required wpcf7-text wpcf7-validates-as-email\" aria-required=\"true\" aria-invalid=\"false\" value=\"\" type=\"email\" name=\"your-email\" \/><\/span> <\/label>\n<\/p>\n<p><label> Thema<br \/>\n<span class=\"wpcf7-form-control-wrap\" data-name=\"your-subject\"><input size=\"40\" maxlength=\"400\" class=\"wpcf7-form-control wpcf7-text\" aria-invalid=\"false\" value=\"\" type=\"text\" name=\"your-subject\" \/><\/span> <\/label>\n<\/p>\n<p><label> Ihre Nachricht<br \/>\n<span class=\"wpcf7-form-control-wrap\" data-name=\"your-message\"><textarea cols=\"40\" rows=\"10\" maxlength=\"2000\" class=\"wpcf7-form-control wpcf7-textarea\" aria-invalid=\"false\" name=\"your-message\"><\/textarea><\/span> <\/label>\n<\/p>\n<p><input class=\"wpcf7-form-control wpcf7-submit has-spinner\" type=\"submit\" value=\"Senden Sie\" \/>\n<\/p><p style=\"display: none !important;\" class=\"akismet-fields-container\" data-prefix=\"_wpcf7_ak_\"><label>&#916;<textarea name=\"_wpcf7_ak_hp_textarea\" cols=\"45\" rows=\"8\" maxlength=\"100\"><\/textarea><\/label><input type=\"hidden\" id=\"ak_js_1\" name=\"_wpcf7_ak_js\" value=\"10\"\/><script>document.getElementById( \"ak_js_1\" ).setAttribute( \"value\", ( new Date() ).getTime() );<\/script><\/p><div class=\"wpcf7-response-output\" aria-hidden=\"true\"><\/div>\n<\/form>\n<\/div>\n[\/vc_column][\/vc_row][\/vc_column][\/vc_row]<\/p>\n<\/div>","protected":false},"excerpt":{"rendered":"<p>[vc_row][vc_column width=&#8221;1\/2&#8243;][vc_custom_heading text=&#8221;Seit \u00fcber 10 Jahren bieten wir die besten Transportdienstleistungen an. Wir bieten Transfers, Ausfl\u00fcge und Chauffeurdienste an.&#8221; font_container=&#8221;tag:h3|text_align:left&#8221; use_theme_fonts=&#8221;yes&#8221;][vc_column_text]Senegal Shuttle hat ein Angebot f\u00fcr alle, die bequem reisen wollen. Wir verf\u00fcgen \u00fcber 30 Fahrzeuge der Spitzenklasse, so dass unsere Kunden sich auf Komfort und Sicherheit verlassen k\u00f6nnen. Senegal Shuttle hat sich zu Senegals [&#8230;]<\/p>\n","protected":false},"author":1,"featured_media":0,"parent":0,"menu_order":0,"comment_status":"closed","ping_status":"closed","template":"","meta":{"nf_dc_page":"","_joinchat":[],"footnotes":""},"class_list":["post-16866","page","type-page","status-publish","hentry"],"aioseo_notices":[],"jetpack_sharing_enabled":true,"_links":{"self":[{"href":"https:\/\/www.senegal-shuttle.com\/de\/wp-json\/wp\/v2\/pages\/16866","targetHints":{"allow":["GET"]}}],"collection":[{"href":"https:\/\/www.senegal-shuttle.com\/de\/wp-json\/wp\/v2\/pages"}],"about":[{"href":"https:\/\/www.senegal-shuttle.com\/de\/wp-json\/wp\/v2\/types\/page"}],"author":[{"embeddable":true,"href":"https:\/\/www.senegal-shuttle.com\/de\/wp-json\/wp\/v2\/users\/1"}],"replies":[{"embeddable":true,"href":"https:\/\/www.senegal-shuttle.com\/de\/wp-json\/wp\/v2\/comments?post=16866"}],"version-history":[{"count":0,"href":"https:\/\/www.senegal-shuttle.com\/de\/wp-json\/wp\/v2\/pages\/16866\/revisions"}],"wp:attachment":[{"href":"https:\/\/www.senegal-shuttle.com\/de\/wp-json\/wp\/v2\/media?parent=16866"}],"curies":[{"name":"wp","href":"https:\/\/api.w.org\/{rel}","templated":true}]}}