{"id":16877,"date":"2022-03-22T19:32:51","date_gmt":"2022-03-22T19:32:51","guid":{"rendered":"https:\/\/www.senegal-shuttle.com\/was-unsere-kunden-sagen\/"},"modified":"2022-03-26T21:44:39","modified_gmt":"2022-03-26T21:44:39","slug":"was-unsere-kunden-sagen","status":"publish","type":"page","link":"https:\/\/www.senegal-shuttle.com\/de\/was-unsere-kunden-sagen\/","title":{"rendered":"Was unsere Kunden sagen"},"content":{"rendered":"<div class=\"wpb-content-wrapper\"><p>[vc_row][vc_column el_class=&#8221;theme-margin-bottom-0&#8243;]\n            <div class=\"theme-component-testimonial-list theme-component-testimonial-list-style-1\">\n                <div>\n                    [vc_row_inner][vc_column_inner width=&#8221;1\/3&#8243;]\n            <div class=\"theme-component-testimonial-list-item\">\n                <span class=\"theme-icon-feature-testimonials-2\"><span><\/span><\/span>\n                <p>Perfekter und effizienter Service. Nach einer Anfrage in letzter Minute war Senegal Shuttle reaktionsschnell und sehr effizient. Der Empfang am Flughafen und die Abholung am gew\u00fcnschten Ort waren perfekt. Ich empfehle diesen Service ohne zu z\u00f6gern.<\/p>\n                <div>Jo\u00eblle V<\/div>\n            <\/div>\n        \n            <div class=\"theme-component-testimonial-list-item\">\n                <span class=\"theme-icon-feature-testimonials-2\"><span><\/span><\/span>\n                <p>Sowohl f\u00fcr die Hin- als auch f\u00fcr die R\u00fcckreise wurde die Reservierung am Vortag vorgenommen, und der Service wurde erbracht, die Fristen eingehalten und die Qualit\u00e4t sichergestellt. Ich empfehle dieses Unternehmen (100% zuverl\u00e4ssig) und die Mitarbeiter sind sehr reaktionsschnell und freundlich.<\/p>\n                <div>Demarquezsadia<\/div>\n            <\/div>\n        [\/vc_column_inner][vc_column_inner width=&#8221;1\/3&#8243;]\n            <div class=\"theme-component-testimonial-list-item\">\n                <span class=\"theme-icon-feature-testimonials-2\"><span><\/span><\/span>\n                <p>Sehr professionelle Fahrer, neue und komfortable Fahrzeuge mit Wasser in Flaschen verf\u00fcgbar. Ausgezeichneter Wert.<\/p>\n                <div>MariaFR79<\/div>\n            <\/div>\n        \n            <div class=\"theme-component-testimonial-list-item\">\n                <span class=\"theme-icon-feature-testimonials-2\"><span><\/span><\/span>\n                <p>Dies ist ein Premium-Service, aber es lohnt sich, den Aufpreis zu zahlen. Viel sicherer als lokale Taxis. Die Autos sind gut gewartet (mit Sicherheitsgurten - die lokalen Taxis haben sie alle abgenommen!) und werden gut gefahren. Ich habe sie ein paar Mal benutzt, als ich sp\u00e4t nachts am Flughafen ankam, und die Fahrer sind immer losgefahren und haben daf\u00fcr gesorgt, dass ich zu meinem Hotel zur\u00fcckkam, sie haben uns nicht einfach am Stra\u00dfenrand abgesetzt und sind gegangen.<\/p>\n                <div>Katherine<\/div>\n            <\/div>\n        [\/vc_column_inner][vc_column_inner width=&#8221;1\/3&#8243;]\n            <div class=\"theme-component-testimonial-list-item\">\n                <span class=\"theme-icon-feature-testimonials-2\"><span><\/span><\/span>\n                <p>Ich habe meinen Transfer vom Flughafen Dakar zu meinem Hotel gebucht. Das Flugzeug hatte ein wenig Versp\u00e4tung, aber mein Fahrer war da, sehr p\u00fcnktlich. Er fuhr mich in aller Sicherheit zu meinem Hotel: Respekt f\u00fcr begrenzte Geschwindigkeiten.<\/p>\n                <div>Claude P<\/div>\n            <\/div>\n        \n            <div class=\"theme-component-testimonial-list-item\">\n                <span class=\"theme-icon-feature-testimonials-2\"><span><\/span><\/span>\n                <p>Ja! Mehr als zufriedenstellende Erfahrung mit Senegal Shuttle! Wir haben Ende September 2018 einen Hin- und R\u00fccktransfer (Flughafen - Baobab Hotel) f\u00fcr das Jahresende gebucht. Der Fahrer hat am Flughafen mit einem Schild mit unserem Namen auf uns gewartet, das Auto war komfortabel mit Klimaanlage, der Fahrer ist sicher gefahren. F\u00fcr die R\u00fcckfahrt war der Service ebenso tadellos: Fahrer p\u00fcnktlich (sogar fr\u00fch), sicheres Fahren, komfortables und neues Auto ...<\/p>\n                <div>Aiko 74<\/div>\n            <\/div>\n        [\/vc_column_inner][\/vc_row_inner]\n                <\/div>\n            <\/div>\n        [\/vc_column][\/vc_row]<\/p>\n<\/div>","protected":false},"excerpt":{"rendered":"<p>[vc_row][vc_column el_class=&#8221;theme-margin-bottom-0&#8243;][\/vc_column][\/vc_row]<\/p>\n","protected":false},"author":1,"featured_media":0,"parent":0,"menu_order":0,"comment_status":"closed","ping_status":"closed","template":"","meta":{"nf_dc_page":"","_joinchat":[],"footnotes":""},"class_list":["post-16877","page","type-page","status-publish","hentry"],"aioseo_notices":[],"jetpack_sharing_enabled":true,"_links":{"self":[{"href":"https:\/\/www.senegal-shuttle.com\/de\/wp-json\/wp\/v2\/pages\/16877","targetHints":{"allow":["GET"]}}],"collection":[{"href":"https:\/\/www.senegal-shuttle.com\/de\/wp-json\/wp\/v2\/pages"}],"about":[{"href":"https:\/\/www.senegal-shuttle.com\/de\/wp-json\/wp\/v2\/types\/page"}],"author":[{"embeddable":true,"href":"https:\/\/www.senegal-shuttle.com\/de\/wp-json\/wp\/v2\/users\/1"}],"replies":[{"embeddable":true,"href":"https:\/\/www.senegal-shuttle.com\/de\/wp-json\/wp\/v2\/comments?post=16877"}],"version-history":[{"count":0,"href":"https:\/\/www.senegal-shuttle.com\/de\/wp-json\/wp\/v2\/pages\/16877\/revisions"}],"wp:attachment":[{"href":"https:\/\/www.senegal-shuttle.com\/de\/wp-json\/wp\/v2\/media?parent=16877"}],"curies":[{"name":"wp","href":"https:\/\/api.w.org\/{rel}","templated":true}]}}