{"id":16870,"date":"2022-03-22T19:22:55","date_gmt":"2022-03-22T19:22:55","guid":{"rendered":"https:\/\/www.senegal-shuttle.com\/sobre-nosotros\/"},"modified":"2022-03-26T21:29:17","modified_gmt":"2022-03-26T21:29:17","slug":"sobre-nosotros","status":"publish","type":"page","link":"https:\/\/www.senegal-shuttle.com\/es\/sobre-nosotros\/","title":{"rendered":"Sobre nosotros"},"content":{"rendered":"<div class=\"wpb-content-wrapper\"><p>[vc_row][vc_column width=&#8221;1\/2&#8243;][vc_custom_heading text=&#8221;Llevamos m\u00e1s de 10 a\u00f1os ofreciendo los mejores servicios de transporte. Ofrecemos traslados, excursiones y servicios de ch\u00f3fer.&#8221; font_container=&#8221;tag:h3|text_align:left&#8221; use_theme_fonts=&#8221;yes&#8221;][vc_column_text]Senegal Shuttle tiene una oferta para todos los que quieran viajar en condiciones c\u00f3modas. Contamos con m\u00e1s de 30 veh\u00edculos de primera clase, por lo que nuestros clientes pueden estar seguros de la comodidad y la seguridad.<\/p>\n<p>Senegal Shuttle se ha convertido en el principal servicio de taxis del aeropuerto de Senegal. Nos esforzamos por ofrecer a nuestros clientes un servicio de taxi sin complicaciones desde y hacia el Aeropuerto Internacional Blaise Diagne (DSS), con coches modernos y conductores profesionales.[\/vc_column_text]<div class=\"theme-component-list theme-component-list-style-2 theme-margin-top-40\">\n<ul>\n<li>Ch\u00f3feres formados profesionalmente<\/li>\n<li>Servicio de transporte completo 24 horas al d\u00eda, 7 d\u00edas a la semana<\/li>\n<li>Amplia red de socios de transporte<\/li>\n<\/ul>\n<\/div>[\/vc_column][vc_column width=&#8221;1\/2&#8243;][vc_single_image image=&#8221;13388&#8243; img_size=&#8221;full&#8221; el_class=&#8221;theme-image-style-1&#8243;][vc_single_image image=&#8221;13062&#8243; img_size=&#8221;full&#8221; el_class=&#8221;theme-image-style-1&#8243;][\/vc_column][\/vc_row][vc_row el_class=&#8221;theme-margin-top-40&#8243;][vc_column]\n            <div class=\"theme-component-counter-box\" data-animation_duration=\"2000\">\n                [vc_row_inner el_class=&#8221;theme-column-margin-0&#8243;][vc_column_inner width=&#8221;1\/4&#8243;]\n            <div class=\"theme-component-counter-box-item\" data-value=\"30\">\n                <span class=\"theme-component-counter-box-item-circle-1\"><\/span>\n                <span class=\"theme-component-counter-box-item-circle-2\"><\/span>\n                <span class=\"theme-component-counter-box-item-value\">0<\/span>\n                <span class=\"theme-component-counter-box-item-label\">Veh\u00edculos<\/span>\n                <span class=\"theme-component-counter-box-item-tick theme-icon-meta-tick-3\"><\/span>   \n            <\/div>\n        [\/vc_column_inner][vc_column_inner width=&#8221;1\/4&#8243;]\n            <div class=\"theme-component-counter-box-item\" data-value=\"12\">\n                <span class=\"theme-component-counter-box-item-circle-1\"><\/span>\n                <span class=\"theme-component-counter-box-item-circle-2\"><\/span>\n                <span class=\"theme-component-counter-box-item-value\">0<\/span>\n                <span class=\"theme-component-counter-box-item-label\">Ciudades cubiertas<\/span>\n                <span class=\"theme-component-counter-box-item-tick theme-icon-meta-tick-3\"><\/span>   \n            <\/div>\n        [\/vc_column_inner][vc_column_inner width=&#8221;1\/4&#8243;]\n            <div class=\"theme-component-counter-box-item\" data-value=\"50\">\n                <span class=\"theme-component-counter-box-item-circle-1\"><\/span>\n                <span class=\"theme-component-counter-box-item-circle-2\"><\/span>\n                <span class=\"theme-component-counter-box-item-value\">0<\/span>\n                <span class=\"theme-component-counter-box-item-label\">Conductores<\/span>\n                <span class=\"theme-component-counter-box-item-tick theme-icon-meta-tick-3\"><\/span>   \n            <\/div>\n        [\/vc_column_inner][vc_column_inner width=&#8221;1\/4&#8243;]\n            <div class=\"theme-component-counter-box-item\" data-value=\"3\">\n                <span class=\"theme-component-counter-box-item-circle-1\"><\/span>\n                <span class=\"theme-component-counter-box-item-circle-2\"><\/span>\n                <span class=\"theme-component-counter-box-item-value\">0<\/span>\n                <span class=\"theme-component-counter-box-item-label\">Premios obtenidos<\/span>\n                <span class=\"theme-component-counter-box-item-tick theme-icon-meta-tick-3\"><\/span>   \n            <\/div>\n        [\/vc_column_inner][\/vc_row_inner]\n            <\/div>\n        [\/vc_column][\/vc_row][vc_row full_width=&#8221;stretch_row_content_no_spaces&#8221; equal_height=&#8221;yes&#8221;][vc_column width=&#8221;1\/2&#8243;][vc_single_image image=&#8221;13898&#8243; img_size=&#8221;full&#8221;][\/vc_column][vc_column width=&#8221;1\/2&#8243; el_class=&#8221;theme-column-style-1 theme-background-color-12&#8243;][vc_custom_heading text=&#8221;Quedar\u00e1 m\u00e1s que satisfecho con nuestro servicio de primera clase&#8221; font_container=&#8221;tag:h3|text_align:left&#8221; use_theme_fonts=&#8221;yes&#8221; css=&#8221;.vc_custom_1604345650257{margin-top: -40px !important;border-top-width: -40px !important;padding-top: -40px !important;}&#8221;][vc_column_text]Nuestros clientes esperan un nivel excepcional de Senegal Shuttle, y nos complace cumplir esa promesa en todo momento.<\/p>\n<p>Hemos desarrollado una amplia red de socios que nos permite ofrecer servicios de primera clase a grupos de cualquier tama\u00f1o en todo el pa\u00eds. Cuando se organiza un evento especial, es posible que usted y su familia o amigos quieran pasarlo bien y no preocuparse por la conducci\u00f3n. Nuestros experimentados ch\u00f3feres le guiar\u00e1n por cada ciudad en la que se encuentre.[\/vc_column_text][\/vc_column][\/vc_row][vc_row full_width=&#8221;stretch_row_content_no_spaces&#8221; css=&#8221;.vc_custom_1604345726191{margin-top: 40px !important;border-top-width: 40px !important;padding-top: 40px !important;}&#8221;][vc_column]\n            <div class=\"theme-component-process-list\">\n                [vc_row_inner equal_height=&#8221;yes&#8221;][vc_column_inner width=&#8221;1\/4&#8243;]\n            <div class=\"theme-component-process-list-item theme-component-process-list-item-even\">\n                <div>01<\/div>\n                <span class=\"theme-icon-feature-calendar\"><\/span>\n                <p>Cada uno de nuestros conductores se caracteriza por su profesionalidad y puntualidad<\/p>\n            <\/div>\n        [\/vc_column_inner][vc_column_inner width=&#8221;1\/4&#8243;]\n            <div class=\"theme-component-process-list-item theme-component-process-list-item-odd\">\n                <div>02<\/div>\n                <span class=\"theme-icon-feature-recurring-1\"><\/span>\n                <p>Siempre vamos m\u00e1s all\u00e1 cuando se trata de la seguridad<\/p>\n            <\/div>\n        [\/vc_column_inner][vc_column_inner width=&#8221;1\/4&#8243;]\n            <div class=\"theme-component-process-list-item theme-component-process-list-item-even\">\n                <div>03<\/div>\n                <span class=\"theme-icon-feature-bag-1\"><\/span>\n                <p>Puede confiar en nuestros conocimientos y experiencia para guiarle en su viaje<\/p>\n            <\/div>\n        [\/vc_column_inner][vc_column_inner width=&#8221;1\/4&#8243;]\n            <div class=\"theme-component-process-list-item theme-component-process-list-item-odd\">\n                <div>04<\/div>\n                <span class=\"theme-icon-feature-award\"><\/span>\n                <p>Calidad superior y servicio de atenci\u00f3n al cliente premiado<\/p>\n            <\/div>\n        [\/vc_column_inner][\/vc_row_inner]\n            <\/div>\n        [\/vc_column][\/vc_row][vc_row el_class=&#8221;theme-margin-bottom-100 aligncenter ContactBlockInner PageDesign12&#8243;][vc_column el_class=&#8221;theme-margin-bottom-0&#8243;]\r\n            <p class=\"theme-component-paragraph-large theme-component-paragraph-large-style-2 aligncenter theme-padding-bottom-80\">\r\n                Ch\u00f3fer privado, visita tur\u00edstica&#8230;<br \/>\nRellene el siguiente formulario con sus preguntas o comentarios\r\n            <\/p>\r\n        [vc_row][vc_column el_class=\"theme-margin-bottom-0\"]\n<div class=\"wpcf7 no-js\" id=\"wpcf7-f16901-o1\" lang=\"en-US\" dir=\"ltr\" data-wpcf7-id=\"16901\">\n<div class=\"screen-reader-response\"><p role=\"status\" aria-live=\"polite\" aria-atomic=\"true\"><\/p> <ul><\/ul><\/div>\n<form action=\"\/es\/wp-json\/wp\/v2\/pages\/16870#wpcf7-f16901-o1\" method=\"post\" class=\"wpcf7-form init\" aria-label=\"Contact form\" novalidate=\"novalidate\" data-status=\"init\">\n<fieldset class=\"hidden-fields-container\"><input type=\"hidden\" name=\"_wpcf7\" value=\"16901\" \/><input type=\"hidden\" name=\"_wpcf7_version\" value=\"6.1.5\" \/><input type=\"hidden\" name=\"_wpcf7_locale\" value=\"en_US\" \/><input type=\"hidden\" name=\"_wpcf7_unit_tag\" value=\"wpcf7-f16901-o1\" \/><input type=\"hidden\" name=\"_wpcf7_container_post\" value=\"0\" \/><input type=\"hidden\" name=\"_wpcf7_posted_data_hash\" value=\"\" \/>\n<\/fieldset>\n<p><label> Su nombre (requerido)<br \/>\n<span class=\"wpcf7-form-control-wrap\" data-name=\"your-name\"><input size=\"40\" maxlength=\"400\" class=\"wpcf7-form-control wpcf7-text wpcf7-validates-as-required\" aria-required=\"true\" aria-invalid=\"false\" value=\"\" type=\"text\" name=\"your-name\" \/><\/span> <\/label>\n<\/p>\n<p><label> Su correo electr\u00f3nico (requerido)<br \/>\n<span class=\"wpcf7-form-control-wrap\" data-name=\"your-email\"><input size=\"40\" maxlength=\"400\" class=\"wpcf7-form-control wpcf7-email wpcf7-validates-as-required wpcf7-text wpcf7-validates-as-email\" aria-required=\"true\" aria-invalid=\"false\" value=\"\" type=\"email\" name=\"your-email\" \/><\/span> <\/label>\n<\/p>\n<p><label> Asunto<br \/>\n<span class=\"wpcf7-form-control-wrap\" data-name=\"your-subject\"><input size=\"40\" maxlength=\"400\" class=\"wpcf7-form-control wpcf7-text\" aria-invalid=\"false\" value=\"\" type=\"text\" name=\"your-subject\" \/><\/span> <\/label>\n<\/p>\n<p><label> Su mensaje<br \/>\n<span class=\"wpcf7-form-control-wrap\" data-name=\"your-message\"><textarea cols=\"40\" rows=\"10\" maxlength=\"2000\" class=\"wpcf7-form-control wpcf7-textarea\" aria-invalid=\"false\" name=\"your-message\"><\/textarea><\/span> <\/label>\n<\/p>\n<p><input class=\"wpcf7-form-control wpcf7-submit has-spinner\" type=\"submit\" value=\"Enviar\" \/>\n<\/p><p style=\"display: none !important;\" class=\"akismet-fields-container\" data-prefix=\"_wpcf7_ak_\"><label>&#916;<textarea name=\"_wpcf7_ak_hp_textarea\" cols=\"45\" rows=\"8\" maxlength=\"100\"><\/textarea><\/label><input type=\"hidden\" id=\"ak_js_1\" name=\"_wpcf7_ak_js\" value=\"97\"\/><script>document.getElementById( \"ak_js_1\" ).setAttribute( \"value\", ( new Date() ).getTime() );<\/script><\/p><div class=\"wpcf7-response-output\" aria-hidden=\"true\"><\/div>\n<\/form>\n<\/div>\n[\/vc_column][\/vc_row][\/vc_column][\/vc_row]<\/p>\n<\/div>","protected":false},"excerpt":{"rendered":"<p>[vc_row][vc_column width=&#8221;1\/2&#8243;][vc_custom_heading text=&#8221;Llevamos m\u00e1s de 10 a\u00f1os ofreciendo los mejores servicios de transporte. Ofrecemos traslados, excursiones y servicios de ch\u00f3fer.&#8221; font_container=&#8221;tag:h3|text_align:left&#8221; use_theme_fonts=&#8221;yes&#8221;][vc_column_text]Senegal Shuttle tiene una oferta para todos los que quieran viajar en condiciones c\u00f3modas. Contamos con m\u00e1s de 30 veh\u00edculos de primera clase, por lo que nuestros clientes pueden estar seguros de la comodidad [&#8230;]<\/p>\n","protected":false},"author":1,"featured_media":0,"parent":0,"menu_order":0,"comment_status":"closed","ping_status":"closed","template":"","meta":{"nf_dc_page":"","_joinchat":[],"footnotes":""},"class_list":["post-16870","page","type-page","status-publish","hentry"],"aioseo_notices":[],"jetpack_sharing_enabled":true,"_links":{"self":[{"href":"https:\/\/www.senegal-shuttle.com\/es\/wp-json\/wp\/v2\/pages\/16870","targetHints":{"allow":["GET"]}}],"collection":[{"href":"https:\/\/www.senegal-shuttle.com\/es\/wp-json\/wp\/v2\/pages"}],"about":[{"href":"https:\/\/www.senegal-shuttle.com\/es\/wp-json\/wp\/v2\/types\/page"}],"author":[{"embeddable":true,"href":"https:\/\/www.senegal-shuttle.com\/es\/wp-json\/wp\/v2\/users\/1"}],"replies":[{"embeddable":true,"href":"https:\/\/www.senegal-shuttle.com\/es\/wp-json\/wp\/v2\/comments?post=16870"}],"version-history":[{"count":0,"href":"https:\/\/www.senegal-shuttle.com\/es\/wp-json\/wp\/v2\/pages\/16870\/revisions"}],"wp:attachment":[{"href":"https:\/\/www.senegal-shuttle.com\/es\/wp-json\/wp\/v2\/media?parent=16870"}],"curies":[{"name":"wp","href":"https:\/\/api.w.org\/{rel}","templated":true}]}}