{"id":16879,"date":"2022-03-22T19:34:00","date_gmt":"2022-03-22T19:34:00","guid":{"rendered":"https:\/\/www.senegal-shuttle.com\/lo-que-dicen-nuestros-clientes\/"},"modified":"2022-03-26T21:45:09","modified_gmt":"2022-03-26T21:45:09","slug":"lo-que-dicen-nuestros-clientes","status":"publish","type":"page","link":"https:\/\/www.senegal-shuttle.com\/es\/lo-que-dicen-nuestros-clientes\/","title":{"rendered":"Lo que dicen nuestros clientes"},"content":{"rendered":"<div class=\"wpb-content-wrapper\"><p>[vc_row][vc_column el_class=&#8221;theme-margin-bottom-0&#8243;]\n            <div class=\"theme-component-testimonial-list theme-component-testimonial-list-style-1\">\n                <div>\n                    [vc_row_inner][vc_column_inner width=&#8221;1\/3&#8243;]\n            <div class=\"theme-component-testimonial-list-item\">\n                <span class=\"theme-icon-feature-testimonials-2\"><span><\/span><\/span>\n                <p>Un servicio eficiente y perfecto. Tras una petici\u00f3n de \u00faltima hora, Senegal Shuttle fue receptivo y muy eficiente. Recepci\u00f3n en el aeropuerto y entrega en el lugar perfecto solicitado. Recomiendo este servicio sin dudarlo.<\/p>\n                <div>Jo\u00eblle V<\/div>\n            <\/div>\n        \n            <div class=\"theme-component-testimonial-list-item\">\n                <span class=\"theme-icon-feature-testimonials-2\"><span><\/span><\/span>\n                <p>Tanto para la ida como para la vuelta, la reserva se hizo el d\u00eda anterior y el servicio se prest\u00f3, se respetaron los plazos y se asegur\u00f3 la calidad. Recomiendo esta empresa (100% fiable) y el personal es muy receptivo y amable.<\/p>\n                <div>Demarquezsadia<\/div>\n            <\/div>\n        [\/vc_column_inner][vc_column_inner width=&#8221;1\/3&#8243;]\n            <div class=\"theme-component-testimonial-list-item\">\n                <span class=\"theme-icon-feature-testimonials-2\"><span><\/span><\/span>\n                <p>Conductores muy profesionales, veh\u00edculos nuevos y c\u00f3modos con agua embotellada disponible. Excelente relaci\u00f3n calidad-precio.<\/p>\n                <div>MariaFR79<\/div>\n            <\/div>\n        \n            <div class=\"theme-component-testimonial-list-item\">\n                <span class=\"theme-icon-feature-testimonials-2\"><span><\/span><\/span>\n                <p>Se trata de un servicio premium, pero vale la pena pagar el extra. Mucho m\u00e1s seguro que los taxis locales. Los coches est\u00e1n bien mantenidos (con cinturones de seguridad - los taxis locales se los quitaron todos) y se conducen bien. Los utilic\u00e9 unas cuantas veces al llegar al aeropuerto a altas horas de la noche y los conductores siempre sal\u00edan y se aseguraban de que llegara a mi hotel, no nos dejaban al lado de la carretera y se iban.<\/p>\n                <div>Katherine<\/div>\n            <\/div>\n        [\/vc_column_inner][vc_column_inner width=&#8221;1\/3&#8243;]\n            <div class=\"theme-component-testimonial-list-item\">\n                <span class=\"theme-icon-feature-testimonials-2\"><span><\/span><\/span>\n                <p>Reserv\u00e9 mi traslado del aeropuerto de Dakar a mi hotel. El avi\u00f3n se retras\u00f3 un poco, pero mi ch\u00f3fer estaba all\u00ed, muy puntual. Me llev\u00f3 a mi hotel con total seguridad: respeto a las velocidades limitadas.<\/p>\n                <div>Claude P<\/div>\n            <\/div>\n        \n            <div class=\"theme-component-testimonial-list-item\">\n                <span class=\"theme-icon-feature-testimonials-2\"><span><\/span><\/span>\n                <p>S\u00ed. \u00a1Experiencia m\u00e1s que satisfactoria con Senegal Shuttle! Reservamos un traslado de ida y vuelta (Aeropuerto - Hotel Baobab) a finales de septiembre de 2018 para el fin de a\u00f1o. El conductor nos esperaba con un cartel con nuestro nombre en el aeropuerto, el coche era c\u00f3modo con aire acondicionado, el conductor conduc\u00eda con seguridad. Para el viaje de vuelta, el servicio fue igual de impecable: conductor a tiempo (incluso temprano), conducci\u00f3n segura, coche c\u00f3modo y reciente...<\/p>\n                <div>Aiko 74<\/div>\n            <\/div>\n        [\/vc_column_inner][\/vc_row_inner]\n                <\/div>\n            <\/div>\n        [\/vc_column][\/vc_row]<\/p>\n<\/div>","protected":false},"excerpt":{"rendered":"<p>[vc_row][vc_column el_class=&#8221;theme-margin-bottom-0&#8243;][\/vc_column][\/vc_row]<\/p>\n","protected":false},"author":1,"featured_media":0,"parent":0,"menu_order":0,"comment_status":"closed","ping_status":"closed","template":"","meta":{"nf_dc_page":"","_joinchat":[],"footnotes":""},"class_list":["post-16879","page","type-page","status-publish","hentry"],"aioseo_notices":[],"jetpack_sharing_enabled":true,"_links":{"self":[{"href":"https:\/\/www.senegal-shuttle.com\/es\/wp-json\/wp\/v2\/pages\/16879","targetHints":{"allow":["GET"]}}],"collection":[{"href":"https:\/\/www.senegal-shuttle.com\/es\/wp-json\/wp\/v2\/pages"}],"about":[{"href":"https:\/\/www.senegal-shuttle.com\/es\/wp-json\/wp\/v2\/types\/page"}],"author":[{"embeddable":true,"href":"https:\/\/www.senegal-shuttle.com\/es\/wp-json\/wp\/v2\/users\/1"}],"replies":[{"embeddable":true,"href":"https:\/\/www.senegal-shuttle.com\/es\/wp-json\/wp\/v2\/comments?post=16879"}],"version-history":[{"count":0,"href":"https:\/\/www.senegal-shuttle.com\/es\/wp-json\/wp\/v2\/pages\/16879\/revisions"}],"wp:attachment":[{"href":"https:\/\/www.senegal-shuttle.com\/es\/wp-json\/wp\/v2\/media?parent=16879"}],"curies":[{"name":"wp","href":"https:\/\/api.w.org\/{rel}","templated":true}]}}