{"id":13238,"date":"2020-10-13T19:58:15","date_gmt":"2020-10-13T19:58:15","guid":{"rendered":"https:\/\/preprod.senegal-shuttle.com\/staging2\/ce-que-disent-nos-clients\/"},"modified":"2021-03-12T07:48:16","modified_gmt":"2021-03-12T07:48:16","slug":"ce-que-disent-nos-clients","status":"publish","type":"page","link":"https:\/\/www.senegal-shuttle.com\/fr\/ce-que-disent-nos-clients\/","title":{"rendered":"Ce Que Disent Nos Clients"},"content":{"rendered":"<div class=\"wpb-content-wrapper\"><p>[vc_row][vc_column el_class=&#8221;theme-margin-bottom-0&#8243;]\n            <div class=\"theme-component-testimonial-list theme-component-testimonial-list-style-1\">\n                <div>\n                    [vc_row_inner][vc_column_inner width=&#8221;1\/3&#8243;]\n            <div class=\"theme-component-testimonial-list-item\">\n                <span class=\"theme-icon-feature-testimonials-2\"><span><\/span><\/span>\n                <p>Service efficace parfait. Apr\u00e8s une demande de derni\u00e8re minute, S\u00e9n\u00e9gal Shuttle s&#039;est montr\u00e9 r\u00e9actif et tr\u00e8s efficace. Accueil \u00e0 l&#039;a\u00e9roport et d\u00e9pose \u00e0 l&#039;endroit id\u00e9al demand\u00e9. Je recommande ce service sans h\u00e9sitation.<\/p>\n                <div>Jo\u00eblle V<\/div>\n            <\/div>\n        \n            <div class=\"theme-component-testimonial-list-item\">\n                <span class=\"theme-icon-feature-testimonials-2\"><span><\/span><\/span>\n                <p>Pour l&#039;aller comme pour le retour, la r\u00e9servation a \u00e9t\u00e9 faite la veille et la prestation a \u00e9t\u00e9 fournie, les d\u00e9lais respect\u00e9s et la qualit\u00e9 assur\u00e9e. Je recommande cette entreprise (100% fiable) et le personnel est tr\u00e8s r\u00e9actif et sympathique.<\/p>\n                <div>Demarquezsadia<\/div>\n            <\/div>\n        [\/vc_column_inner][vc_column_inner width=&#8221;1\/3&#8243;]\n            <div class=\"theme-component-testimonial-list-item\">\n                <span class=\"theme-icon-feature-testimonials-2\"><span><\/span><\/span>\n                <p>Des chauffeurs tr\u00e8s professionnels, des v\u00e9hicules neufs et confortables avec de l&#039;eau en bouteille \u00e0 disposition. Excellent rapport qualit\u00e9 \/ prix.<\/p>\n                <div>MariaFR79<\/div>\n            <\/div>\n        \n            <div class=\"theme-component-testimonial-list-item\">\n                <span class=\"theme-icon-feature-testimonials-2\"><span><\/span><\/span>\n                <p>Il s&#039;agit d&#039;un service premium mais qui vaut la peine de payer un suppl\u00e9ment. Beaucoup plus s\u00fbr que les taxis locaux. Les voitures sont bien entretenues (avec ceintures de s\u00e9curit\u00e9 - les taxis locaux les ont toutes enlev\u00e9es!) Et bien conduites. Je les ai utilis\u00e9s plusieurs fois en arrivant \u00e0 l&#039;a\u00e9roport tard dans la nuit et les chauffeurs sortaient toujours et s&#039;assuraient que je rentrais \u00e0 mon h\u00f4tel, ils ne nous ont pas simplement d\u00e9pos\u00e9s sur le bord de la route et partir.<\/p>\n                <div>Katherine<\/div>\n            <\/div>\n        [\/vc_column_inner][vc_column_inner width=&#8221;1\/3&#8243;]\n            <div class=\"theme-component-testimonial-list-item\">\n                <span class=\"theme-icon-feature-testimonials-2\"><span><\/span><\/span>\n                <p>J&#039;ai r\u00e9serv\u00e9 mon transfert de l&#039;a\u00e9roport de Dakar \u00e0 mon h\u00f4tel. L&#039;avion \u00e9tait un peu en retard, mais mon chauffeur \u00e9tait l\u00e0, tr\u00e8s ponctuel. Il m&#039;a conduit \u00e0 mon h\u00f4tel en toute s\u00e9curit\u00e9: respect des vitesses limit\u00e9es.<\/p>\n                <div>Claude P<\/div>\n            <\/div>\n        \n            <div class=\"theme-component-testimonial-list-item\">\n                <span class=\"theme-icon-feature-testimonials-2\"><span><\/span><\/span>\n                <p>Oui ! Exp\u00e9rience plus que satisfaisante avec S\u00e9n\u00e9gal Shuttle! Nous avons r\u00e9serv\u00e9 un transfert aller-retour (a\u00e9roport - h\u00f4tel Baobab) fin septembre 2018 pour la fin de l&#039;ann\u00e9e. Le chauffeur nous attendait avec une pancarte avec notre nom \u00e0 l&#039;a\u00e9roport, la voiture \u00e9tait \u00e0 l&#039;aise avec la climatisation, le chauffeur conduisait en toute s\u00e9curit\u00e9. Pour le retour, le service \u00e9tait tout aussi impeccable: chauffeur \u00e0 l&#039;heure (m\u00eame t\u00f4t), conduite s\u00fbre, voiture confortable et r\u00e9cente ...<\/p>\n                <div>Aiko 74<\/div>\n            <\/div>\n        [\/vc_column_inner][\/vc_row_inner]\n                <\/div>\n            <\/div>\n        [\/vc_column][\/vc_row]<\/p>\n<\/div>","protected":false},"excerpt":{"rendered":"<p>[vc_row][vc_column el_class=&#8221;theme-margin-bottom-0&#8243;][\/vc_column][\/vc_row]<\/p>\n","protected":false},"author":1,"featured_media":0,"parent":0,"menu_order":0,"comment_status":"closed","ping_status":"closed","template":"","meta":{"nf_dc_page":"","_joinchat":[],"footnotes":""},"class_list":["post-13238","page","type-page","status-publish","hentry"],"aioseo_notices":[],"jetpack_sharing_enabled":true,"_links":{"self":[{"href":"https:\/\/www.senegal-shuttle.com\/fr\/wp-json\/wp\/v2\/pages\/13238","targetHints":{"allow":["GET"]}}],"collection":[{"href":"https:\/\/www.senegal-shuttle.com\/fr\/wp-json\/wp\/v2\/pages"}],"about":[{"href":"https:\/\/www.senegal-shuttle.com\/fr\/wp-json\/wp\/v2\/types\/page"}],"author":[{"embeddable":true,"href":"https:\/\/www.senegal-shuttle.com\/fr\/wp-json\/wp\/v2\/users\/1"}],"replies":[{"embeddable":true,"href":"https:\/\/www.senegal-shuttle.com\/fr\/wp-json\/wp\/v2\/comments?post=13238"}],"version-history":[{"count":0,"href":"https:\/\/www.senegal-shuttle.com\/fr\/wp-json\/wp\/v2\/pages\/13238\/revisions"}],"wp:attachment":[{"href":"https:\/\/www.senegal-shuttle.com\/fr\/wp-json\/wp\/v2\/media?parent=13238"}],"curies":[{"name":"wp","href":"https:\/\/api.w.org\/{rel}","templated":true}]}}