{"id":13907,"date":"2020-11-02T19:52:42","date_gmt":"2020-11-02T19:52:42","guid":{"rendered":"https:\/\/www.senegal-shuttle.com\/a-propos\/"},"modified":"2021-03-12T07:46:59","modified_gmt":"2021-03-12T07:46:59","slug":"a-propos","status":"publish","type":"page","link":"https:\/\/www.senegal-shuttle.com\/fr\/a-propos\/","title":{"rendered":"A Propos"},"content":{"rendered":"<div class=\"wpb-content-wrapper\"><p>[vc_row][vc_column width=&#8221;1\/2&#8243;][vc_custom_heading text=&#8221;Depuis plus de 10 ans, nous fournissons les meilleurs services de transport. Notre gamme de services inclut les transferts, excursions et des services de chauffeur.&#8221; font_container=&#8221;tag:h3|text_align:left&#8221; use_theme_fonts=&#8221;yes&#8221;][vc_column_text]S\u00e9n\u00e9gal Shuttle a une offre pour tous ceux qui souhaitent voyager dans des conditions confortables. Nous avons plus de 30 v\u00e9hicules haut de gamme, afin que nos clients puissent \u00eatre assur\u00e9s de voyage dans des conditions de confort et de s\u00e9curit\u00e9 optimales.<\/p>\n<p>Senegal Shuttle est devenu le premier service de taxi d&#8217;a\u00e9roport du S\u00e9n\u00e9gal. Nous nous effor\u00e7ons d&#8217;offrir \u00e0 nos clients un service de navette fluide et sans tracas vers et depuis l&#8217;a\u00e9roport international Blaise Diagne (DSS), avec des voitures modernes et des chauffeurs professionnels.[\/vc_column_text]<div class=\"theme-component-list theme-component-list-style-2 theme-margin-top-40\">\n<ul>\n<li>Chauffeurs Professionnelles<\/li>\n<li>Service Disponible 24\/7<\/li>\n<li>Large R\u00e9seau de Partenaires<\/li>\n<\/ul>\n<\/div>[\/vc_column][vc_column width=&#8221;1\/2&#8243;][vc_single_image image=&#8221;13384&#8243; img_size=&#8221;full&#8221; el_class=&#8221;theme-image-style-1&#8243;][vc_single_image image=&#8221;13058&#8243; img_size=&#8221;full&#8221; el_class=&#8221;theme-image-style-1&#8243;][\/vc_column][\/vc_row][vc_row el_class=&#8221;theme-margin-top-40&#8243;][vc_column]\n            <div class=\"theme-component-counter-box\" data-animation_duration=\"2000\">\n                [vc_row_inner el_class=&#8221;theme-column-margin-0&#8243;][vc_column_inner width=&#8221;1\/4&#8243;]\n            <div class=\"theme-component-counter-box-item\" data-value=\"30\">\n                <span class=\"theme-component-counter-box-item-circle-1\"><\/span>\n                <span class=\"theme-component-counter-box-item-circle-2\"><\/span>\n                <span class=\"theme-component-counter-box-item-value\">0<\/span>\n                <span class=\"theme-component-counter-box-item-label\">V\u00e9hicules<\/span>\n                <span class=\"theme-component-counter-box-item-tick theme-icon-meta-tick-3\"><\/span>   \n            <\/div>\n        [\/vc_column_inner][vc_column_inner width=&#8221;1\/4&#8243;]\n            <div class=\"theme-component-counter-box-item\" data-value=\"12\">\n                <span class=\"theme-component-counter-box-item-circle-1\"><\/span>\n                <span class=\"theme-component-counter-box-item-circle-2\"><\/span>\n                <span class=\"theme-component-counter-box-item-value\">0<\/span>\n                <span class=\"theme-component-counter-box-item-label\">Villes Couvertes<\/span>\n                <span class=\"theme-component-counter-box-item-tick theme-icon-meta-tick-3\"><\/span>   \n            <\/div>\n        [\/vc_column_inner][vc_column_inner width=&#8221;1\/4&#8243;]\n            <div class=\"theme-component-counter-box-item\" data-value=\"50\">\n                <span class=\"theme-component-counter-box-item-circle-1\"><\/span>\n                <span class=\"theme-component-counter-box-item-circle-2\"><\/span>\n                <span class=\"theme-component-counter-box-item-value\">0<\/span>\n                <span class=\"theme-component-counter-box-item-label\">Chauffeurs<\/span>\n                <span class=\"theme-component-counter-box-item-tick theme-icon-meta-tick-3\"><\/span>   \n            <\/div>\n        [\/vc_column_inner][vc_column_inner width=&#8221;1\/4&#8243;]\n            <div class=\"theme-component-counter-box-item\" data-value=\"3\">\n                <span class=\"theme-component-counter-box-item-circle-1\"><\/span>\n                <span class=\"theme-component-counter-box-item-circle-2\"><\/span>\n                <span class=\"theme-component-counter-box-item-value\">0<\/span>\n                <span class=\"theme-component-counter-box-item-label\">R\u00e9compenses Obtenues<\/span>\n                <span class=\"theme-component-counter-box-item-tick theme-icon-meta-tick-3\"><\/span>   \n            <\/div>\n        [\/vc_column_inner][\/vc_row_inner]\n            <\/div>\n        [\/vc_column][\/vc_row][vc_row full_width=&#8221;stretch_row_content_no_spaces&#8221; equal_height=&#8221;yes&#8221;][vc_column width=&#8221;1\/2&#8243;][vc_single_image image=&#8221;13894&#8243; img_size=&#8221;full&#8221;][\/vc_column][vc_column width=&#8221;1\/2&#8243; el_class=&#8221;theme-column-style-1 theme-background-color-12&#8243;][vc_custom_heading text=&#8221;Vous serez plus que satisfait de notre service de classe mondiale&#8221; font_container=&#8221;tag:h3|text_align:left&#8221; use_theme_fonts=&#8221;yes&#8221; css=&#8221;.vc_custom_1604345650257{margin-top: -40px !important;border-top-width: -40px !important;padding-top: -40px !important;}&#8221;][vc_column_text]Nos clients attendent des standards exceptionnels de S\u00e9n\u00e9gal Shuttle, et nous sommes heureux de tenir cette promesse \u00e0 chaque fois.<\/p>\n<p>Nous avons d\u00e9velopp\u00e9 un vaste r\u00e9seau de partenaires nous permettant de fournir des services de classe mondiale \u00e0 des groupes de toute taille dans tout le pays. Lorsque vous organisez un \u00e9v\u00e9nement sp\u00e9cial, vous et votre famille ou vos amis voudrez peut-\u00eatre passer un bon moment sans vous soucier de la conduite. Nos chauffeurs exp\u00e9riment\u00e9s vous guideront \u00e0 travers chaque ville.[\/vc_column_text][\/vc_column][\/vc_row][vc_row full_width=&#8221;stretch_row_content_no_spaces&#8221; css=&#8221;.vc_custom_1604345726191{margin-top: 40px !important;border-top-width: 40px !important;padding-top: 40px !important;}&#8221;][vc_column]\n            <div class=\"theme-component-process-list\">\n                [vc_row_inner equal_height=&#8221;yes&#8221;][vc_column_inner width=&#8221;1\/4&#8243;]\n            <div class=\"theme-component-process-list-item theme-component-process-list-item-even\">\n                <div>01<\/div>\n                <span class=\"theme-icon-feature-calendar\"><\/span>\n                <p>Chacun de nos chauffeurs se caract\u00e9rise par son professionnalisme et sa ponctualit\u00e9.<\/p>\n            <\/div>\n        [\/vc_column_inner][vc_column_inner width=&#8221;1\/4&#8243;]\n            <div class=\"theme-component-process-list-item theme-component-process-list-item-odd\">\n                <div>02<\/div>\n                <span class=\"theme-icon-feature-recurring-1\"><\/span>\n                <p>Nous faisons toujours un effort suppl\u00e9mentaire en mati\u00e8re de s\u00e9curit\u00e9.<\/p>\n            <\/div>\n        [\/vc_column_inner][vc_column_inner width=&#8221;1\/4&#8243;]\n            <div class=\"theme-component-process-list-item theme-component-process-list-item-even\">\n                <div>03<\/div>\n                <span class=\"theme-icon-feature-bag-1\"><\/span>\n                <p>Vous pouvez compter sur nos connaissances et notre exp\u00e9rience pour vous guider dans vos visites.<\/p>\n            <\/div>\n        [\/vc_column_inner][vc_column_inner width=&#8221;1\/4&#8243;]\n            <div class=\"theme-component-process-list-item theme-component-process-list-item-odd\">\n                <div>04<\/div>\n                <span class=\"theme-icon-feature-award\"><\/span>\n                <p>Service client prim\u00e9 plusieurs fois.<\/p>\n            <\/div>\n        [\/vc_column_inner][\/vc_row_inner]\n            <\/div>\n        [\/vc_column][\/vc_row][vc_row el_class=&#8221;theme-section-padding&#8221;][vc_column el_class=&#8221;theme-margin-top-100 theme-margin-bottom-0&#8243;][\/vc_column][\/vc_row][vc_row el_class=&#8221;theme-margin-bottom-100 aligncenter ContactBlockInner PageDesign12&#8243;][vc_column el_class=&#8221;theme-margin-bottom-0&#8243;]\r\n            <p class=\"theme-component-paragraph-large theme-component-paragraph-large-style-2 aligncenter theme-padding-bottom-80\">\r\n                Chauffeur Priv\u00e9, Visite Touristique?<br \/>\nVeuillez remplir le formulaire ci-dessous avec vos questions ou commentaires\r\n            <\/p>\r\n        [vc_row][vc_column el_class=\"theme-margin-bottom-0\"]\n<div class=\"wpcf7 no-js\" id=\"wpcf7-f14413-o1\" lang=\"fr-FR\" dir=\"ltr\" data-wpcf7-id=\"14413\">\n<div class=\"screen-reader-response\"><p role=\"status\" aria-live=\"polite\" aria-atomic=\"true\"><\/p> <ul><\/ul><\/div>\n<form action=\"\/fr\/wp-json\/wp\/v2\/pages\/13907#wpcf7-f14413-o1\" method=\"post\" class=\"wpcf7-form init\" aria-label=\"Formulaire de contact\" novalidate=\"novalidate\" data-status=\"init\">\n<fieldset class=\"hidden-fields-container\"><input type=\"hidden\" name=\"_wpcf7\" value=\"14413\" \/><input type=\"hidden\" name=\"_wpcf7_version\" value=\"6.1.5\" \/><input type=\"hidden\" name=\"_wpcf7_locale\" value=\"fr_FR\" \/><input type=\"hidden\" name=\"_wpcf7_unit_tag\" value=\"wpcf7-f14413-o1\" \/><input type=\"hidden\" name=\"_wpcf7_container_post\" value=\"0\" \/><input type=\"hidden\" name=\"_wpcf7_posted_data_hash\" value=\"\" \/>\n<\/fieldset>\n<p><label> Nom & Pr\u00e9nom<br \/>\n<span class=\"wpcf7-form-control-wrap\" data-name=\"your-name\"><input size=\"40\" maxlength=\"400\" class=\"wpcf7-form-control wpcf7-text wpcf7-validates-as-required\" aria-required=\"true\" aria-invalid=\"false\" value=\"\" type=\"text\" name=\"your-name\" \/><\/span> <\/label>\n<\/p>\n<p><label> Votre Mail<br \/>\n<span class=\"wpcf7-form-control-wrap\" data-name=\"your-email\"><input size=\"40\" maxlength=\"400\" class=\"wpcf7-form-control wpcf7-email wpcf7-validates-as-required wpcf7-text wpcf7-validates-as-email\" aria-required=\"true\" aria-invalid=\"false\" value=\"\" type=\"email\" name=\"your-email\" \/><\/span> <\/label>\n<\/p>\n<p><label> Objet<br \/>\n<span class=\"wpcf7-form-control-wrap\" data-name=\"your-subject\"><input size=\"40\" maxlength=\"400\" class=\"wpcf7-form-control wpcf7-text wpcf7-validates-as-required\" aria-required=\"true\" aria-invalid=\"false\" value=\"\" type=\"text\" name=\"your-subject\" \/><\/span> <\/label>\n<\/p>\n<p><label> Votre Message (optionnel)<br \/>\n<span class=\"wpcf7-form-control-wrap\" data-name=\"your-message\"><textarea cols=\"40\" rows=\"10\" maxlength=\"2000\" class=\"wpcf7-form-control wpcf7-textarea\" aria-invalid=\"false\" name=\"your-message\"><\/textarea><\/span> <\/label>\n<\/p>\n<p><input class=\"wpcf7-form-control wpcf7-submit has-spinner\" type=\"submit\" value=\"Envoyer\" \/>\n<\/p><p style=\"display: none !important;\" class=\"akismet-fields-container\" data-prefix=\"_wpcf7_ak_\"><label>&#916;<textarea name=\"_wpcf7_ak_hp_textarea\" cols=\"45\" rows=\"8\" maxlength=\"100\"><\/textarea><\/label><input type=\"hidden\" id=\"ak_js_1\" name=\"_wpcf7_ak_js\" value=\"191\"\/><script>document.getElementById( \"ak_js_1\" ).setAttribute( \"value\", ( new Date() ).getTime() );<\/script><\/p><div class=\"wpcf7-response-output\" aria-hidden=\"true\"><\/div>\n<\/form>\n<\/div>\n[\/vc_column][\/vc_row]\r\n\r\n&nbsp;\r\n\r\n&nbsp;[\/vc_column][\/vc_row]<\/p>\n<\/div>","protected":false},"excerpt":{"rendered":"<p>[vc_row][vc_column width=&#8221;1\/2&#8243;][vc_custom_heading text=&#8221;Depuis plus de 10 ans, nous fournissons les meilleurs services de transport. Notre gamme de services inclut les transferts, excursions et des services de chauffeur.&#8221; font_container=&#8221;tag:h3|text_align:left&#8221; use_theme_fonts=&#8221;yes&#8221;][vc_column_text]S\u00e9n\u00e9gal Shuttle a une offre pour tous ceux qui souhaitent voyager dans des conditions confortables. Nous avons plus de 30 v\u00e9hicules haut de gamme, afin que nos [&#8230;]<\/p>\n","protected":false},"author":1,"featured_media":0,"parent":0,"menu_order":0,"comment_status":"closed","ping_status":"closed","template":"","meta":{"nf_dc_page":"","_joinchat":[],"footnotes":""},"class_list":["post-13907","page","type-page","status-publish","hentry"],"aioseo_notices":[],"jetpack_sharing_enabled":true,"_links":{"self":[{"href":"https:\/\/www.senegal-shuttle.com\/fr\/wp-json\/wp\/v2\/pages\/13907","targetHints":{"allow":["GET"]}}],"collection":[{"href":"https:\/\/www.senegal-shuttle.com\/fr\/wp-json\/wp\/v2\/pages"}],"about":[{"href":"https:\/\/www.senegal-shuttle.com\/fr\/wp-json\/wp\/v2\/types\/page"}],"author":[{"embeddable":true,"href":"https:\/\/www.senegal-shuttle.com\/fr\/wp-json\/wp\/v2\/users\/1"}],"replies":[{"embeddable":true,"href":"https:\/\/www.senegal-shuttle.com\/fr\/wp-json\/wp\/v2\/comments?post=13907"}],"version-history":[{"count":0,"href":"https:\/\/www.senegal-shuttle.com\/fr\/wp-json\/wp\/v2\/pages\/13907\/revisions"}],"wp:attachment":[{"href":"https:\/\/www.senegal-shuttle.com\/fr\/wp-json\/wp\/v2\/media?parent=13907"}],"curies":[{"name":"wp","href":"https:\/\/api.w.org\/{rel}","templated":true}]}}