{"id":17030,"date":"2022-03-24T22:05:27","date_gmt":"2022-03-24T22:05:27","guid":{"rendered":"https:\/\/www.senegal-shuttle.com\/chi-siamo\/"},"modified":"2022-03-26T21:29:32","modified_gmt":"2022-03-26T21:29:32","slug":"chi-siamo","status":"publish","type":"page","link":"https:\/\/www.senegal-shuttle.com\/it\/chi-siamo\/","title":{"rendered":"Chi siamo"},"content":{"rendered":"<div class=\"wpb-content-wrapper\"><p>[vc_row][vc_column width=&#8221;1\/2&#8243;][vc_custom_heading text=&#8221;Da oltre 10 anni forniamo i migliori servizi di trasporto. Offriamo trasferimenti, escursioni e servizi di autista.&#8221; font_container=&#8221;tag:h3|text_align:left&#8221; use_theme_fonts=&#8221;yes&#8221;][vc_column_text]Senegal Shuttle ha un&#8217;offerta per tutti coloro che vogliono viaggiare in condizioni confortevoli. Abbiamo pi\u00f9 di 30 veicoli di alta classe, quindi i nostri clienti possono essere certi di comfort e sicurezza.<\/p>\n<p>Senegal Shuttle \u00e8 cresciuto fino a diventare il primo servizio di taxi aeroportuale del Senegal. Ci sforziamo di dare ai nostri clienti un servizio di taxi navetta fluido e senza problemi da e per l&#8217;aeroporto internazionale Blaise Diagne (DSS), con auto moderne e autisti professionisti.[\/vc_column_text]<div class=\"theme-component-list theme-component-list-style-2 theme-margin-top-40\">\n<ul>\n<li>Autisti formati professionalmente<\/li>\n<li>Servizio di trasporto completo 24 ore su 24, 7 giorni su 7<\/li>\n<li>Ampia rete di partner per il trasporto<\/li>\n<\/ul>\n<\/div>[\/vc_column][vc_column width=&#8221;1\/2&#8243;][vc_single_image image=&#8221;13386&#8243; img_size=&#8221;full&#8221; el_class=&#8221;theme-image-style-1&#8243;][vc_single_image image=&#8221;13060&#8243; img_size=&#8221;full&#8221; el_class=&#8221;theme-image-style-1&#8243;][\/vc_column][\/vc_row][vc_row el_class=&#8221;theme-margin-top-40&#8243;][vc_column]\n            <div class=\"theme-component-counter-box\" data-animation_duration=\"2000\">\n                [vc_row_inner el_class=&#8221;theme-column-margin-0&#8243;][vc_column_inner width=&#8221;1\/4&#8243;]\n            <div class=\"theme-component-counter-box-item\" data-value=\"30\">\n                <span class=\"theme-component-counter-box-item-circle-1\"><\/span>\n                <span class=\"theme-component-counter-box-item-circle-2\"><\/span>\n                <span class=\"theme-component-counter-box-item-value\">0<\/span>\n                <span class=\"theme-component-counter-box-item-label\">Veicoli<\/span>\n                <span class=\"theme-component-counter-box-item-tick theme-icon-meta-tick-3\"><\/span>   \n            <\/div>\n        [\/vc_column_inner][vc_column_inner width=&#8221;1\/4&#8243;]\n            <div class=\"theme-component-counter-box-item\" data-value=\"12\">\n                <span class=\"theme-component-counter-box-item-circle-1\"><\/span>\n                <span class=\"theme-component-counter-box-item-circle-2\"><\/span>\n                <span class=\"theme-component-counter-box-item-value\">0<\/span>\n                <span class=\"theme-component-counter-box-item-label\">Citt\u00e0 coperte<\/span>\n                <span class=\"theme-component-counter-box-item-tick theme-icon-meta-tick-3\"><\/span>   \n            <\/div>\n        [\/vc_column_inner][vc_column_inner width=&#8221;1\/4&#8243;]\n            <div class=\"theme-component-counter-box-item\" data-value=\"50\">\n                <span class=\"theme-component-counter-box-item-circle-1\"><\/span>\n                <span class=\"theme-component-counter-box-item-circle-2\"><\/span>\n                <span class=\"theme-component-counter-box-item-value\">0<\/span>\n                <span class=\"theme-component-counter-box-item-label\">Driver<\/span>\n                <span class=\"theme-component-counter-box-item-tick theme-icon-meta-tick-3\"><\/span>   \n            <\/div>\n        [\/vc_column_inner][vc_column_inner width=&#8221;1\/4&#8243;]\n            <div class=\"theme-component-counter-box-item\" data-value=\"3\">\n                <span class=\"theme-component-counter-box-item-circle-1\"><\/span>\n                <span class=\"theme-component-counter-box-item-circle-2\"><\/span>\n                <span class=\"theme-component-counter-box-item-value\">0<\/span>\n                <span class=\"theme-component-counter-box-item-label\">Premi vinti<\/span>\n                <span class=\"theme-component-counter-box-item-tick theme-icon-meta-tick-3\"><\/span>   \n            <\/div>\n        [\/vc_column_inner][\/vc_row_inner]\n            <\/div>\n        [\/vc_column][\/vc_row][vc_row full_width=&#8221;stretch_row_content_no_spaces&#8221; equal_height=&#8221;yes&#8221;][vc_column width=&#8221;1\/2&#8243;][vc_single_image image=&#8221;13896&#8243; img_size=&#8221;full&#8221;][\/vc_column][vc_column width=&#8221;1\/2&#8243; el_class=&#8221;theme-column-style-1 theme-background-color-12&#8243;][vc_custom_heading text=&#8221;Sarete pi\u00f9 che soddisfatti del nostro servizio di classe mondiale&#8221; font_container=&#8221;tag:h3|text_align:left&#8221; use_theme_fonts=&#8221;yes&#8221; css=&#8221;.vc_custom_1604345650257{margin-top: -40px !important;border-top-width: -40px !important;padding-top: -40px !important;}&#8221;][vc_column_text]I nostri clienti si aspettano standard eccezionali da Senegal Shuttle, e siamo felici di mantenere questa promessa ogni volta.<\/p>\n<p>Abbiamo sviluppato una vasta rete di partner che ci permette di fornire servizi di livello mondiale per gruppi di qualsiasi dimensione in tutto il paese. Quando si organizza un evento speciale, tu e la tua famiglia o i tuoi amici potreste voler divertirvi e non preoccuparvi di guidare. I nostri autisti esperti vi guideranno in ogni citt\u00e0 in cui vi troverete.[\/vc_column_text][\/vc_column][\/vc_row][vc_row full_width=&#8221;stretch_row_content_no_spaces&#8221; css=&#8221;.vc_custom_1604345726191{margin-top: 40px !important;border-top-width: 40px !important;padding-top: 40px !important;}&#8221;][vc_column]\n            <div class=\"theme-component-process-list\">\n                [vc_row_inner equal_height=&#8221;yes&#8221;][vc_column_inner width=&#8221;1\/4&#8243;]\n            <div class=\"theme-component-process-list-item theme-component-process-list-item-even\">\n                <div>01<\/div>\n                <span class=\"theme-icon-feature-calendar\"><\/span>\n                <p>Ogni nostro autista \u00e8 caratterizzato da professionalit\u00e0 e puntualit\u00e0<\/p>\n            <\/div>\n        [\/vc_column_inner][vc_column_inner width=&#8221;1\/4&#8243;]\n            <div class=\"theme-component-process-list-item theme-component-process-list-item-odd\">\n                <div>02<\/div>\n                <span class=\"theme-icon-feature-recurring-1\"><\/span>\n                <p>Facciamo sempre il passo pi\u00f9 lungo della gamba quando si tratta di sicurezza<\/p>\n            <\/div>\n        [\/vc_column_inner][vc_column_inner width=&#8221;1\/4&#8243;]\n            <div class=\"theme-component-process-list-item theme-component-process-list-item-even\">\n                <div>03<\/div>\n                <span class=\"theme-icon-feature-bag-1\"><\/span>\n                <p>Potete contare sulla nostra conoscenza ed esperienza per guidarvi nel vostro tour<\/p>\n            <\/div>\n        [\/vc_column_inner][vc_column_inner width=&#8221;1\/4&#8243;]\n            <div class=\"theme-component-process-list-item theme-component-process-list-item-odd\">\n                <div>04<\/div>\n                <span class=\"theme-icon-feature-award\"><\/span>\n                <p>Qualit\u00e0 premium e un servizio clienti premiato<\/p>\n            <\/div>\n        [\/vc_column_inner][\/vc_row_inner]\n            <\/div>\n        [\/vc_column][\/vc_row][vc_row el_class=&#8221;theme-margin-bottom-100 aligncenter ContactBlockInner PageDesign12&#8243;][vc_column el_class=&#8221;theme-margin-bottom-0&#8243;]\r\n            <p class=\"theme-component-paragraph-large theme-component-paragraph-large-style-2 aligncenter theme-padding-bottom-80\">\r\n                Autista privato, giro turistico?<br \/>\nSi prega di compilare il modulo sottostante con domande o commenti\r\n            <\/p>\r\n        [vc_row][vc_column el_class=\"theme-margin-bottom-0\"]\n<div class=\"wpcf7 no-js\" id=\"wpcf7-f17062-o1\" lang=\"en-US\" dir=\"ltr\" data-wpcf7-id=\"17062\">\n<div class=\"screen-reader-response\"><p role=\"status\" aria-live=\"polite\" aria-atomic=\"true\"><\/p> <ul><\/ul><\/div>\n<form action=\"\/it\/wp-json\/wp\/v2\/pages\/17030#wpcf7-f17062-o1\" method=\"post\" class=\"wpcf7-form init\" aria-label=\"Contact form\" novalidate=\"novalidate\" data-status=\"init\">\n<fieldset class=\"hidden-fields-container\"><input type=\"hidden\" name=\"_wpcf7\" value=\"17062\" \/><input type=\"hidden\" name=\"_wpcf7_version\" value=\"6.1.5\" \/><input type=\"hidden\" name=\"_wpcf7_locale\" value=\"en_US\" \/><input type=\"hidden\" name=\"_wpcf7_unit_tag\" value=\"wpcf7-f17062-o1\" \/><input type=\"hidden\" name=\"_wpcf7_container_post\" value=\"0\" \/><input type=\"hidden\" name=\"_wpcf7_posted_data_hash\" value=\"\" \/>\n<\/fieldset>\n<p><label> Il tuo nome (richiesto)<br \/>\n<span class=\"wpcf7-form-control-wrap\" data-name=\"your-name\"><input size=\"40\" maxlength=\"400\" class=\"wpcf7-form-control wpcf7-text wpcf7-validates-as-required\" aria-required=\"true\" aria-invalid=\"false\" value=\"\" type=\"text\" name=\"your-name\" \/><\/span> <\/label>\n<\/p>\n<p><label> La tua e-mail (richiesto)<br \/>\n<span class=\"wpcf7-form-control-wrap\" data-name=\"your-email\"><input size=\"40\" maxlength=\"400\" class=\"wpcf7-form-control wpcf7-email wpcf7-validates-as-required wpcf7-text wpcf7-validates-as-email\" aria-required=\"true\" aria-invalid=\"false\" value=\"\" type=\"email\" name=\"your-email\" \/><\/span> <\/label>\n<\/p>\n<p><label> Oggetto<br \/>\n<span class=\"wpcf7-form-control-wrap\" data-name=\"your-subject\"><input size=\"40\" maxlength=\"400\" class=\"wpcf7-form-control wpcf7-text\" aria-invalid=\"false\" value=\"\" type=\"text\" name=\"your-subject\" \/><\/span> <\/label>\n<\/p>\n<p><label> Il tuo messaggio<br \/>\n<span class=\"wpcf7-form-control-wrap\" data-name=\"your-message\"><textarea cols=\"40\" rows=\"10\" maxlength=\"2000\" class=\"wpcf7-form-control wpcf7-textarea\" aria-invalid=\"false\" name=\"your-message\"><\/textarea><\/span> <\/label>\n<\/p>\n<p><input class=\"wpcf7-form-control wpcf7-submit has-spinner\" type=\"submit\" value=\"Invia\" \/>\n<\/p><p style=\"display: none !important;\" class=\"akismet-fields-container\" data-prefix=\"_wpcf7_ak_\"><label>&#916;<textarea name=\"_wpcf7_ak_hp_textarea\" cols=\"45\" rows=\"8\" maxlength=\"100\"><\/textarea><\/label><input type=\"hidden\" id=\"ak_js_1\" name=\"_wpcf7_ak_js\" value=\"196\"\/><script>document.getElementById( \"ak_js_1\" ).setAttribute( \"value\", ( new Date() ).getTime() );<\/script><\/p><div class=\"wpcf7-response-output\" aria-hidden=\"true\"><\/div>\n<\/form>\n<\/div>\n[\/vc_column][\/vc_row][\/vc_column][\/vc_row]<\/p>\n<\/div>","protected":false},"excerpt":{"rendered":"<p>[vc_row][vc_column width=&#8221;1\/2&#8243;][vc_custom_heading text=&#8221;Da oltre 10 anni forniamo i migliori servizi di trasporto. Offriamo trasferimenti, escursioni e servizi di autista.&#8221; font_container=&#8221;tag:h3|text_align:left&#8221; use_theme_fonts=&#8221;yes&#8221;][vc_column_text]Senegal Shuttle ha un&#8217;offerta per tutti coloro che vogliono viaggiare in condizioni confortevoli. Abbiamo pi\u00f9 di 30 veicoli di alta classe, quindi i nostri clienti possono essere certi di comfort e sicurezza. Senegal Shuttle \u00e8 [&#8230;]<\/p>\n","protected":false},"author":1,"featured_media":0,"parent":0,"menu_order":0,"comment_status":"closed","ping_status":"closed","template":"","meta":{"nf_dc_page":"","_joinchat":[],"footnotes":""},"class_list":["post-17030","page","type-page","status-publish","hentry"],"aioseo_notices":[],"jetpack_sharing_enabled":true,"_links":{"self":[{"href":"https:\/\/www.senegal-shuttle.com\/it\/wp-json\/wp\/v2\/pages\/17030","targetHints":{"allow":["GET"]}}],"collection":[{"href":"https:\/\/www.senegal-shuttle.com\/it\/wp-json\/wp\/v2\/pages"}],"about":[{"href":"https:\/\/www.senegal-shuttle.com\/it\/wp-json\/wp\/v2\/types\/page"}],"author":[{"embeddable":true,"href":"https:\/\/www.senegal-shuttle.com\/it\/wp-json\/wp\/v2\/users\/1"}],"replies":[{"embeddable":true,"href":"https:\/\/www.senegal-shuttle.com\/it\/wp-json\/wp\/v2\/comments?post=17030"}],"version-history":[{"count":0,"href":"https:\/\/www.senegal-shuttle.com\/it\/wp-json\/wp\/v2\/pages\/17030\/revisions"}],"wp:attachment":[{"href":"https:\/\/www.senegal-shuttle.com\/it\/wp-json\/wp\/v2\/media?parent=17030"}],"curies":[{"name":"wp","href":"https:\/\/api.w.org\/{rel}","templated":true}]}}