{"id":17038,"date":"2022-03-24T22:09:51","date_gmt":"2022-03-24T22:09:51","guid":{"rendered":"https:\/\/www.senegal-shuttle.com\/cosa-dicono-i-nostri-clienti\/"},"modified":"2022-03-26T21:31:22","modified_gmt":"2022-03-26T21:31:22","slug":"cosa-dicono-i-nostri-clienti","status":"publish","type":"page","link":"https:\/\/www.senegal-shuttle.com\/it\/cosa-dicono-i-nostri-clienti\/","title":{"rendered":"Cosa dicono i nostri clienti"},"content":{"rendered":"<div class=\"wpb-content-wrapper\"><p>[vc_row][vc_column el_class=&#8221;theme-margin-bottom-0&#8243;]\n            <div class=\"theme-component-testimonial-list theme-component-testimonial-list-style-1\">\n                <div>\n                    [vc_row_inner][vc_column_inner width=&#8221;1\/3&#8243;]\n            <div class=\"theme-component-testimonial-list-item\">\n                <span class=\"theme-icon-feature-testimonials-2\"><span><\/span><\/span>\n                <p>Servizio perfetto ed efficiente. Dopo una richiesta dell&#039;ultimo minuto Senegal Shuttle \u00e8 stato reattivo e molto efficiente. Accoglienza all&#039;aeroporto e riconsegna nel luogo perfetto richiesto. Raccomando questo servizio senza esitazione.<\/p>\n                <div>Jo\u00eblle V<\/div>\n            <\/div>\n        \n            <div class=\"theme-component-testimonial-list-item\">\n                <span class=\"theme-icon-feature-testimonials-2\"><span><\/span><\/span>\n                <p>Per l&#039;andata come per il ritorno, la prenotazione \u00e8 stata fatta il giorno prima e il servizio \u00e8 stato fornito, le scadenze rispettate e la qualit\u00e0 assicurata. Raccomando questa compagnia (affidabile al 100%) e il personale \u00e8 molto reattivo e cordiale.<\/p>\n                <div>Demarquezsadia<\/div>\n            <\/div>\n        [\/vc_column_inner][vc_column_inner width=&#8221;1\/3&#8243;]\n            <div class=\"theme-component-testimonial-list-item\">\n                <span class=\"theme-icon-feature-testimonials-2\"><span><\/span><\/span>\n                <p>Autisti molto professionali, veicoli nuovi e confortevoli con acqua in bottiglia disponibile. Valore eccellente.<\/p>\n                <div>MariaFR79<\/div>\n            <\/div>\n        \n            <div class=\"theme-component-testimonial-list-item\">\n                <span class=\"theme-icon-feature-testimonials-2\"><span><\/span><\/span>\n                <p>Questo \u00e8 un servizio premium ma vale la pena pagare l&#039;extra. Molto pi\u00f9 sicuro dei taxi locali. Le auto sono ben tenute (con le cinture di sicurezza - i taxi locali le hanno tolte tutte!) e guidate bene. Li ho usati un paio di volte quando arrivavo all&#039;aeroporto a tarda notte e gli autisti uscivano sempre e si assicuravano che tornassi al mio hotel, non ci lasciavano semplicemente sul ciglio della strada e se ne andavano.<\/p>\n                <div>Katherine<\/div>\n            <\/div>\n        [\/vc_column_inner][vc_column_inner width=&#8221;1\/3&#8243;]\n            <div class=\"theme-component-testimonial-list-item\">\n                <span class=\"theme-icon-feature-testimonials-2\"><span><\/span><\/span>\n                <p>Ho prenotato il mio trasferimento dall&#039;aeroporto di Dakar al mio hotel. L&#039;aereo era un po&#039; in ritardo, ma il mio autista era l\u00ec, molto puntuale. Mi ha portato al mio hotel in tutta sicurezza: rispetto delle velocit\u00e0 limitate.<\/p>\n                <div>Claude P<\/div>\n            <\/div>\n        \n            <div class=\"theme-component-testimonial-list-item\">\n                <span class=\"theme-icon-feature-testimonials-2\"><span><\/span><\/span>\n                <p>S\u00ec! Esperienza pi\u00f9 che soddisfacente con Senegal Shuttle! Abbiamo prenotato un trasferimento di andata e ritorno (Aeroporto - Baobab Hotel) alla fine di settembre 2018 per la fine dell&#039;anno. L&#039;autista ci aspettava con un cartello con il nostro nome all&#039;aeroporto, la macchina era confortevole con aria condizionata, l&#039;autista guidava in modo sicuro. Per il viaggio di ritorno, il servizio \u00e8 stato altrettanto impeccabile: autista puntuale (anche in anticipo), guida sicura, auto confortevole e recente ...<\/p>\n                <div>Aiko 74<\/div>\n            <\/div>\n        [\/vc_column_inner][\/vc_row_inner]\n                <\/div>\n            <\/div>\n        [\/vc_column][\/vc_row]<\/p>\n<\/div>","protected":false},"excerpt":{"rendered":"<p>[vc_row][vc_column el_class=&#8221;theme-margin-bottom-0&#8243;][\/vc_column][\/vc_row]<\/p>\n","protected":false},"author":1,"featured_media":0,"parent":0,"menu_order":0,"comment_status":"closed","ping_status":"closed","template":"","meta":{"nf_dc_page":"","_joinchat":[],"footnotes":""},"class_list":["post-17038","page","type-page","status-publish","hentry"],"aioseo_notices":[],"jetpack_sharing_enabled":true,"_links":{"self":[{"href":"https:\/\/www.senegal-shuttle.com\/it\/wp-json\/wp\/v2\/pages\/17038","targetHints":{"allow":["GET"]}}],"collection":[{"href":"https:\/\/www.senegal-shuttle.com\/it\/wp-json\/wp\/v2\/pages"}],"about":[{"href":"https:\/\/www.senegal-shuttle.com\/it\/wp-json\/wp\/v2\/types\/page"}],"author":[{"embeddable":true,"href":"https:\/\/www.senegal-shuttle.com\/it\/wp-json\/wp\/v2\/users\/1"}],"replies":[{"embeddable":true,"href":"https:\/\/www.senegal-shuttle.com\/it\/wp-json\/wp\/v2\/comments?post=17038"}],"version-history":[{"count":0,"href":"https:\/\/www.senegal-shuttle.com\/it\/wp-json\/wp\/v2\/pages\/17038\/revisions"}],"wp:attachment":[{"href":"https:\/\/www.senegal-shuttle.com\/it\/wp-json\/wp\/v2\/media?parent=17038"}],"curies":[{"name":"wp","href":"https:\/\/api.w.org\/{rel}","templated":true}]}}