{"id":17040,"date":"2022-03-24T22:10:53","date_gmt":"2022-03-24T22:10:53","guid":{"rendered":"https:\/\/www.senegal-shuttle.com\/o-que-dizem-os-nossos-clientes\/"},"modified":"2022-03-26T21:31:37","modified_gmt":"2022-03-26T21:31:37","slug":"o-que-dizem-os-nossos-clientes","status":"publish","type":"page","link":"https:\/\/www.senegal-shuttle.com\/pt-pt\/o-que-dizem-os-nossos-clientes\/","title":{"rendered":"O que dizem os nossos clientes"},"content":{"rendered":"<div class=\"wpb-content-wrapper\"><p>[vc_row][vc_column el_class=&#8221;theme-margin-bottom-0&#8243;]\n            <div class=\"theme-component-testimonial-list theme-component-testimonial-list-style-1\">\n                <div>\n                    [vc_row_inner][vc_column_inner width=&#8221;1\/3&#8243;]\n            <div class=\"theme-component-testimonial-list-item\">\n                <span class=\"theme-icon-feature-testimonials-2\"><span><\/span><\/span>\n                <p>Servi\u00e7o perfeitamente eficiente. Ap\u00f3s um pedido de \u00faltima hora, o Senegal Shuttle foi reactivo e muito eficiente. Recep\u00e7\u00e3o no aeroporto e entrega no local perfeito solicitado. Recomendo este servi\u00e7o sem hesita\u00e7\u00e3o.<\/p>\n                <div>Jo\u00eblle V<\/div>\n            <\/div>\n        \n            <div class=\"theme-component-testimonial-list-item\">\n                <span class=\"theme-icon-feature-testimonials-2\"><span><\/span><\/span>\n                <p>Tanto para a viagem de ida como para o regresso, a reserva foi feita no dia anterior e o servi\u00e7o foi prestado, os prazos respeitados e a qualidade assegurada. Recomendo esta empresa (100% fi\u00e1vel) e o pessoal \u00e9 muito receptivo e amig\u00e1vel.<\/p>\n                <div>Demarquezsadia<\/div>\n            <\/div>\n        [\/vc_column_inner][vc_column_inner width=&#8221;1\/3&#8243;]\n            <div class=\"theme-component-testimonial-list-item\">\n                <span class=\"theme-icon-feature-testimonials-2\"><span><\/span><\/span>\n                <p>Condutores muito profissionais, ve\u00edculos novos e confort\u00e1veis com \u00e1gua engarrafada dispon\u00edvel. Excelente valor.<\/p>\n                <div>MariaFR79<\/div>\n            <\/div>\n        \n            <div class=\"theme-component-testimonial-list-item\">\n                <span class=\"theme-icon-feature-testimonials-2\"><span><\/span><\/span>\n                <p>Este \u00e9 um servi\u00e7o premium, mas vale a pena pagar o extra. Muito mais seguro do que os t\u00e1xis locais. Os carros s\u00e3o bem mantidos (com cintos de seguran\u00e7a - os t\u00e1xis locais tiraram-nos todos!) e conduzidos bem. Usei-os algumas vezes ao chegar ao aeroporto \u00e0 noite e os motoristas sa\u00edam sempre e certificavam-se de que eu regressava ao meu hotel, eles n\u00e3o nos deixavam simplesmente na berma da estrada e partiam.<\/p>\n                <div>Katherine<\/div>\n            <\/div>\n        [\/vc_column_inner][vc_column_inner width=&#8221;1\/3&#8243;]\n            <div class=\"theme-component-testimonial-list-item\">\n                <span class=\"theme-icon-feature-testimonials-2\"><span><\/span><\/span>\n                <p>Reservei o meu transfer do aeroporto de Dakar para o meu hotel. O avi\u00e3o estava um pouco atrasado, mas o meu motorista estava l\u00e1, muito pontual. Conduziu-me ao meu hotel com toda a seguran\u00e7a: respeito pelas velocidades limitadas.<\/p>\n                <div>Claude P<\/div>\n            <\/div>\n        \n            <div class=\"theme-component-testimonial-list-item\">\n                <span class=\"theme-icon-feature-testimonials-2\"><span><\/span><\/span>\n                <p>Sim ! Mais do que uma experi\u00eancia satisfat\u00f3ria com o Senegal Shuttle! Reserv\u00e1mos um transfer de ida e volta (Aeroporto - Hotel Baobab) no final de Setembro de 2018 para o final do ano. O motorista estava \u00e0 nossa espera com uma placa com o nosso nome no aeroporto, o carro estava confort\u00e1vel com ar condicionado, o motorista estava a conduzir em seguran\u00e7a. Para a viagem de regresso, o servi\u00e7o era igualmente impec\u00e1vel: condutor a tempo (mesmo cedo), condu\u00e7\u00e3o segura, carro confort\u00e1vel e recente...<\/p>\n                <div>Aiko 74<\/div>\n            <\/div>\n        [\/vc_column_inner][\/vc_row_inner]\n                <\/div>\n            <\/div>\n        [\/vc_column][\/vc_row]<\/p>\n<\/div>","protected":false},"excerpt":{"rendered":"<p>[vc_row][vc_column el_class=&#8221;theme-margin-bottom-0&#8243;][\/vc_column][\/vc_row]<\/p>\n","protected":false},"author":1,"featured_media":0,"parent":0,"menu_order":0,"comment_status":"closed","ping_status":"closed","template":"","meta":{"nf_dc_page":"","_joinchat":[],"footnotes":""},"class_list":["post-17040","page","type-page","status-publish","hentry"],"aioseo_notices":[],"jetpack_sharing_enabled":true,"_links":{"self":[{"href":"https:\/\/www.senegal-shuttle.com\/pt-pt\/wp-json\/wp\/v2\/pages\/17040","targetHints":{"allow":["GET"]}}],"collection":[{"href":"https:\/\/www.senegal-shuttle.com\/pt-pt\/wp-json\/wp\/v2\/pages"}],"about":[{"href":"https:\/\/www.senegal-shuttle.com\/pt-pt\/wp-json\/wp\/v2\/types\/page"}],"author":[{"embeddable":true,"href":"https:\/\/www.senegal-shuttle.com\/pt-pt\/wp-json\/wp\/v2\/users\/1"}],"replies":[{"embeddable":true,"href":"https:\/\/www.senegal-shuttle.com\/pt-pt\/wp-json\/wp\/v2\/comments?post=17040"}],"version-history":[{"count":0,"href":"https:\/\/www.senegal-shuttle.com\/pt-pt\/wp-json\/wp\/v2\/pages\/17040\/revisions"}],"wp:attachment":[{"href":"https:\/\/www.senegal-shuttle.com\/pt-pt\/wp-json\/wp\/v2\/media?parent=17040"}],"curies":[{"name":"wp","href":"https:\/\/api.w.org\/{rel}","templated":true}]}}